{"id":424,"date":"2017-07-24T18:02:46","date_gmt":"2017-07-24T16:02:46","guid":{"rendered":"http:\/\/www.lagenzianellahotel.it\/wp\/camere\/"},"modified":"2024-05-11T11:49:20","modified_gmt":"2024-05-11T09:49:20","slug":"camere","status":"publish","type":"page","link":"https:\/\/www.lagenzianellahotel.it\/de\/camere\/","title":{"rendered":"Zimmer"},"content":{"rendered":"<div style=\"text-align: center;\">\n<p><img loading=\"lazy\" decoding=\"async\" class=\"alignnone size-medium wp-image-1590\" src=\"https:\/\/www.lagenzianellahotel.it\/wp-content\/uploads\/2020\/06\/ACCOGLIENZA-SICURA_Logo-pin_10x10cm-300x300.jpg\" alt=\"ACCOGLIENZA SICURA_Logo pin_10x10cm\" width=\"300\" height=\"300\" srcset=\"https:\/\/www.lagenzianellahotel.it\/wp-content\/uploads\/2020\/06\/ACCOGLIENZA-SICURA_Logo-pin_10x10cm-300x300.jpg 300w, https:\/\/www.lagenzianellahotel.it\/wp-content\/uploads\/2020\/06\/ACCOGLIENZA-SICURA_Logo-pin_10x10cm-150x150.jpg 150w, https:\/\/www.lagenzianellahotel.it\/wp-content\/uploads\/2020\/06\/ACCOGLIENZA-SICURA_Logo-pin_10x10cm-500x500.jpg 500w, https:\/\/www.lagenzianellahotel.it\/wp-content\/uploads\/2020\/06\/ACCOGLIENZA-SICURA_Logo-pin_10x10cm-400x400.jpg 400w, https:\/\/www.lagenzianellahotel.it\/wp-content\/uploads\/2020\/06\/ACCOGLIENZA-SICURA_Logo-pin_10x10cm-200x200.jpg 200w, https:\/\/www.lagenzianellahotel.it\/wp-content\/uploads\/2020\/06\/ACCOGLIENZA-SICURA_Logo-pin_10x10cm-512x512.jpg 512w, https:\/\/www.lagenzianellahotel.it\/wp-content\/uploads\/2020\/06\/ACCOGLIENZA-SICURA_Logo-pin_10x10cm.jpg 591w\" sizes=\"auto, (max-width: 300px) 100vw, 300px\" \/><\/p>\n<div style=\"text-align: left;\">\n<div style=\"text-align: center;\"><em><strong>Preisliste<\/strong><\/em><\/div>\n<div><\/div>\n<div align=\"center\">\n<table border=\"0\">\n<tbody>\n<tr>\n<td><strong><em>Doppelzimmer\u00a0<\/em><\/strong><\/td>\n<td><strong><em>\u20ac 90,00<\/em><\/strong><strong><em><br \/>\n<\/em><\/strong><\/td>\n<\/tr>\n<tr>\n<td><strong><em>Einzelzimmer<\/em><\/strong><\/td>\n<td><strong><em>\u20ac 45,00<\/em><\/strong><\/td>\n<\/tr>\n<tr>\n<td><strong><em>Doppelzimmer mit Einzelbelegung<\/em><\/strong><\/td>\n<td><strong><em>\u20ac 60,00<\/em><\/strong><\/td>\n<\/tr>\n<tr>\n<td colspan=\"2\"><em>Die obenstehenden Preise verstehen sich pro Zimmer mit Fr\u00fchst\u00fccksbuffet..<\/em><\/td>\n<\/tr>\n<tr>\n<td>&nbsp;<\/p>\n<p>&nbsp;<\/td>\n<td><\/td>\n<\/tr>\n<tr>\n<td><strong><em>Halbpension<\/em><\/strong><\/td>\n<td><strong><em>\u20ac 65,00<\/em><\/strong><\/td>\n<\/tr>\n<tr>\n<td><strong><em>Vollpension<\/em><\/strong><\/td>\n<td><strong><em>\u20ac 80,00<\/em><\/strong><\/td>\n<\/tr>\n<tr>\n<td style=\"text-align: left;\" colspan=\"2\"><em>Die obenstehenden Preise verstehen sich pro Person und beinhalten \u00dcbernachtung, Fr\u00fchst\u00fccksbuffet und ein\/zwei Men\u00fcs zur Auswahl, je nach dem was Sie buchen.<\/em><\/td>\n<\/tr>\n<tr>\n<td style=\"text-align: left;\">&nbsp;<\/p>\n<p><strong><em>Kinder von 0 bis 3 Jahren gratis<\/em><\/strong><\/td>\n<td><\/td>\n<\/tr>\n<\/tbody>\n<\/table>\n<div id=\"KnM9nf\">\n<div id=\"tw-smenu\" class=\"tw-menu\">\n<div id=\"KnM9nf\"><div class=\"su-button-center\"><a href=\"http:\/\/prenotazioni\" class=\"su-button su-button-style-soft\" style=\"color:#000;background-color:#eee;border-color:#bfbfbf;border-radius:9px\" target=\"_self\"><span style=\"color:#000;padding:0px 24px;font-size:18px;line-height:36px;border-color:#f4f4f4;border-radius:9px;text-shadow:none\"> Reservierungen<\/span><\/a><\/div><\/div>\n<\/div>\n<\/div>\n<\/div>\n<\/div>\n<p>&nbsp;<\/p>\n<div id=\"metaslider-id-978\" style=\"max-width: 1200px; margin: 0 auto;\" class=\"ml-slider-3-108-0 metaslider metaslider-flex metaslider-978 ml-slider has-dots-nav ms-theme-default\" role=\"region\" aria-label=\"Camere\" data-height=\"600\" data-width=\"1200\">\n    <div id=\"metaslider_container_978\">\n        <div id=\"metaslider_978\">\n            <ul class='slides'>\n                <li style=\"display: block; width: 100%;\" class=\"slide-2299 ms-image \" aria-roledescription=\"slide\" data-date=\"2020-10-21 09:29:22\" data-filename=\"camera_rosa-scaled-1200x600.jpg\" data-slide-type=\"image\"><img loading=\"lazy\" decoding=\"async\" src=\"https:\/\/www.lagenzianellahotel.it\/wp-content\/uploads\/2020\/10\/camera_rosa-scaled-1200x600.jpg\" height=\"600\" width=\"1200\" alt=\"camera_rosa\" class=\"slider-978 slide-2299 msDefaultImage\" title=\"camera_rosa\" \/><\/li>\n                <li style=\"display: none; width: 100%;\" class=\"slide-2287 ms-image \" aria-roledescription=\"slide\" data-date=\"2020-10-21 09:29:22\" data-filename=\"camera_grigia-scaled-1200x600.jpg\" data-slide-type=\"image\"><img loading=\"lazy\" decoding=\"async\" src=\"https:\/\/www.lagenzianellahotel.it\/wp-content\/uploads\/2020\/10\/camera_grigia-scaled-1200x600.jpg\" height=\"600\" width=\"1200\" alt=\"camera_grigia\" class=\"slider-978 slide-2287 msDefaultImage\" title=\"camera_grigia\" \/><\/li>\n                <li style=\"display: none; width: 100%;\" class=\"slide-2288 ms-image \" aria-roledescription=\"slide\" data-date=\"2020-10-21 09:29:22\" data-filename=\"camera_blu-scaled-1200x600.jpg\" data-slide-type=\"image\"><img loading=\"lazy\" decoding=\"async\" src=\"https:\/\/www.lagenzianellahotel.it\/wp-content\/uploads\/2020\/10\/camera_blu-scaled-1200x600.jpg\" height=\"600\" width=\"1200\" alt=\"camera_blu\" class=\"slider-978 slide-2288 msDefaultImage\" title=\"camera_blu\" \/><\/li>\n                <li style=\"display: none; width: 100%;\" class=\"slide-2289 ms-image \" aria-roledescription=\"slide\" data-date=\"2020-10-21 09:29:22\" data-filename=\"bagno_gold-scaled-1200x600.jpg\" data-slide-type=\"image\"><img loading=\"lazy\" decoding=\"async\" src=\"https:\/\/www.lagenzianellahotel.it\/wp-content\/uploads\/2020\/10\/bagno_gold-scaled-1200x600.jpg\" height=\"600\" width=\"1200\" alt=\"bagno_gold\" class=\"slider-978 slide-2289 msDefaultImage\" title=\"bagno_gold\" \/><\/li>\n                <li style=\"display: none; width: 100%;\" class=\"slide-979 ms-image \" aria-roledescription=\"slide\" data-date=\"2018-05-26 12:23:02\" data-filename=\"camere-1-1200x600.png\" data-slide-type=\"image\"><img loading=\"lazy\" decoding=\"async\" src=\"https:\/\/www.lagenzianellahotel.it\/wp-content\/uploads\/2017\/09\/camere-1-1200x600.png\" height=\"600\" width=\"1200\" alt=\"camere\" class=\"slider-978 slide-979 msDefaultImage\" title=\"camere\" \/><\/li>\n                <li style=\"display: none; width: 100%;\" class=\"slide-2290 ms-image \" aria-roledescription=\"slide\" data-date=\"2020-10-21 09:29:22\" data-filename=\"letto-scaled-1200x600.jpg\" data-slide-type=\"image\"><img loading=\"lazy\" decoding=\"async\" src=\"https:\/\/www.lagenzianellahotel.it\/wp-content\/uploads\/2020\/10\/letto-scaled-1200x600.jpg\" height=\"600\" width=\"1200\" alt=\"letto\" class=\"slider-978 slide-2290 msDefaultImage\" title=\"letto\" \/><\/li>\n                <li style=\"display: none; width: 100%;\" class=\"slide-2291 ms-image \" aria-roledescription=\"slide\" data-date=\"2020-10-21 09:29:22\" data-filename=\"dettaglio_testiera-scaled-1200x600.jpg\" data-slide-type=\"image\"><img loading=\"lazy\" decoding=\"async\" src=\"https:\/\/www.lagenzianellahotel.it\/wp-content\/uploads\/2020\/10\/dettaglio_testiera-scaled-1200x600.jpg\" height=\"600\" width=\"1200\" alt=\"dettaglio_testiera\" class=\"slider-978 slide-2291 msDefaultImage\" title=\"dettaglio_testiera\" \/><\/li>\n                <li style=\"display: none; width: 100%;\" class=\"slide-2292 ms-image \" aria-roledescription=\"slide\" data-date=\"2020-10-21 09:29:22\" data-filename=\"letti-scaled-1200x600.jpg\" data-slide-type=\"image\"><img loading=\"lazy\" decoding=\"async\" src=\"https:\/\/www.lagenzianellahotel.it\/wp-content\/uploads\/2020\/10\/letti-scaled-1200x600.jpg\" height=\"600\" width=\"1200\" alt=\"letti\" class=\"slider-978 slide-2292 msDefaultImage\" title=\"letti\" \/><\/li>\n                <li style=\"display: none; width: 100%;\" class=\"slide-2293 ms-image \" aria-roledescription=\"slide\" data-date=\"2020-10-21 09:29:22\" data-filename=\"dettaglio_set_cortesia-scaled-1200x600.jpg\" data-slide-type=\"image\"><img loading=\"lazy\" decoding=\"async\" src=\"https:\/\/www.lagenzianellahotel.it\/wp-content\/uploads\/2020\/10\/dettaglio_set_cortesia-scaled-1200x600.jpg\" height=\"600\" width=\"1200\" alt=\"dettaglio_set_cortesia\" class=\"slider-978 slide-2293 msDefaultImage\" title=\"dettaglio_set_cortesia\" \/><\/li>\n                <li style=\"display: none; width: 100%;\" class=\"slide-2294 ms-image \" aria-roledescription=\"slide\" data-date=\"2020-10-21 09:29:22\" data-filename=\"dettaglio_tavolino-scaled-1200x600.jpg\" data-slide-type=\"image\"><img loading=\"lazy\" decoding=\"async\" src=\"https:\/\/www.lagenzianellahotel.it\/wp-content\/uploads\/2020\/10\/dettaglio_tavolino-scaled-1200x600.jpg\" height=\"600\" width=\"1200\" alt=\"dettaglio_tavolino\" class=\"slider-978 slide-2294 msDefaultImage\" title=\"dettaglio_tavolino\" \/><\/li>\n                <li style=\"display: none; width: 100%;\" class=\"slide-2295 ms-image \" aria-roledescription=\"slide\" data-date=\"2020-10-21 09:29:22\" data-filename=\"dettaglio_corridoio-scaled-1200x600.jpg\" data-slide-type=\"image\"><img loading=\"lazy\" decoding=\"async\" src=\"https:\/\/www.lagenzianellahotel.it\/wp-content\/uploads\/2020\/10\/dettaglio_corridoio-scaled-1200x600.jpg\" height=\"600\" width=\"1200\" alt=\"dettaglio_corridoio\" class=\"slider-978 slide-2295 msDefaultImage\" title=\"dettaglio_corridoio\" \/><\/li>\n                <li style=\"display: none; width: 100%;\" class=\"slide-2296 ms-image \" aria-roledescription=\"slide\" data-date=\"2020-10-21 09:29:22\" data-filename=\"dettaglio_comodino-scaled-1200x600.jpg\" data-slide-type=\"image\"><img loading=\"lazy\" decoding=\"async\" src=\"https:\/\/www.lagenzianellahotel.it\/wp-content\/uploads\/2020\/10\/dettaglio_comodino-scaled-1200x600.jpg\" height=\"600\" width=\"1200\" alt=\"dettaglio_comodino\" class=\"slider-978 slide-2296 msDefaultImage\" title=\"dettaglio_comodino\" \/><\/li>\n                <li style=\"display: none; width: 100%;\" class=\"slide-2297 ms-image \" aria-roledescription=\"slide\" data-date=\"2020-10-21 09:29:22\" data-filename=\"dettaglio_asciugamani-scaled-1200x600.jpg\" data-slide-type=\"image\"><img loading=\"lazy\" decoding=\"async\" src=\"https:\/\/www.lagenzianellahotel.it\/wp-content\/uploads\/2020\/10\/dettaglio_asciugamani-scaled-1200x600.jpg\" height=\"600\" width=\"1200\" alt=\"dettaglio_asciugamani\" class=\"slider-978 slide-2297 msDefaultImage\" title=\"dettaglio_asciugamani\" \/><\/li>\n                <li style=\"display: none; width: 100%;\" class=\"slide-2298 ms-image \" aria-roledescription=\"slide\" data-date=\"2020-10-21 09:29:22\" data-filename=\"camera_rosa2-scaled-1200x600.jpg\" data-slide-type=\"image\"><img loading=\"lazy\" decoding=\"async\" src=\"https:\/\/www.lagenzianellahotel.it\/wp-content\/uploads\/2020\/10\/camera_rosa2-scaled-1200x600.jpg\" height=\"600\" width=\"1200\" alt=\"camera_rosa2\" class=\"slider-978 slide-2298 msDefaultImage\" title=\"camera_rosa2\" \/><\/li>\n                <li style=\"display: none; width: 100%;\" class=\"slide-2300 ms-image \" aria-roledescription=\"slide\" data-date=\"2020-10-21 09:29:22\" data-filename=\"camera_grigia2-scaled-1200x600.jpg\" data-slide-type=\"image\"><img loading=\"lazy\" decoding=\"async\" src=\"https:\/\/www.lagenzianellahotel.it\/wp-content\/uploads\/2020\/10\/camera_grigia2-scaled-1200x600.jpg\" height=\"600\" width=\"1200\" alt=\"camera_grigia2\" class=\"slider-978 slide-2300 msDefaultImage\" title=\"camera_grigia2\" \/><\/li>\n            <\/ul>\n        <\/div>\n        \n    <\/div>\n<\/div>\n<\/div>\n","protected":false},"excerpt":{"rendered":"<p>Preisliste Doppelzimmer\u00a0 \u20ac 90,00 Einzelzimmer \u20ac 45,00 Doppelzimmer mit Einzelbelegung \u20ac 60,00 Die obenstehenden Preise verstehen sich pro Zimmer mit Fr\u00fchst\u00fccksbuffet.. &nbsp; &nbsp; Halbpension \u20ac 65,00 Vollpension \u20ac 80,00 Die obenstehenden Preise verstehen sich pro Person und beinhalten \u00dcbernachtung, Fr\u00fchst\u00fccksbuffet und ein\/zwei Men\u00fcs zur Auswahl, je nach dem was Sie &hellip;<\/p>\n","protected":false},"author":1,"featured_media":2206,"parent":0,"menu_order":0,"comment_status":"closed","ping_status":"closed","template":"","meta":{"footnotes":""},"class_list":["post-424","page","type-page","status-publish","has-post-thumbnail","hentry"],"_links":{"self":[{"href":"https:\/\/www.lagenzianellahotel.it\/de\/wp-json\/wp\/v2\/pages\/424","targetHints":{"allow":["GET"]}}],"collection":[{"href":"https:\/\/www.lagenzianellahotel.it\/de\/wp-json\/wp\/v2\/pages"}],"about":[{"href":"https:\/\/www.lagenzianellahotel.it\/de\/wp-json\/wp\/v2\/types\/page"}],"author":[{"embeddable":true,"href":"https:\/\/www.lagenzianellahotel.it\/de\/wp-json\/wp\/v2\/users\/1"}],"replies":[{"embeddable":true,"href":"https:\/\/www.lagenzianellahotel.it\/de\/wp-json\/wp\/v2\/comments?post=424"}],"version-history":[{"count":11,"href":"https:\/\/www.lagenzianellahotel.it\/de\/wp-json\/wp\/v2\/pages\/424\/revisions"}],"predecessor-version":[{"id":3766,"href":"https:\/\/www.lagenzianellahotel.it\/de\/wp-json\/wp\/v2\/pages\/424\/revisions\/3766"}],"wp:featuredmedia":[{"embeddable":true,"href":"https:\/\/www.lagenzianellahotel.it\/de\/wp-json\/wp\/v2\/media\/2206"}],"wp:attachment":[{"href":"https:\/\/www.lagenzianellahotel.it\/de\/wp-json\/wp\/v2\/media?parent=424"}],"curies":[{"name":"wp","href":"https:\/\/api.w.org\/{rel}","templated":true}]}}