{"id":427,"date":"2017-07-24T18:01:54","date_gmt":"2017-07-24T16:01:54","guid":{"rendered":"http:\/\/www.lagenzianellahotel.it\/wp\/servizi\/"},"modified":"2017-11-20T09:10:12","modified_gmt":"2017-11-20T08:10:12","slug":"servizi","status":"publish","type":"page","link":"https:\/\/www.lagenzianellahotel.it\/de\/servizi\/","title":{"rendered":"Wer Wir Sind"},"content":{"rendered":"<p style=\"text-align: justify;\" align=\"center\"><em>Treffpunkt zwischen Seen und Bergen, liegt das<strong> Hotel Restaurant La Genzianella<\/strong> genau im Herzen eines der zauberhaftesten Gebiete des Hohen Piemont &#8211; in einer famili\u00e4ren Umgebung die seit 40 Jahren die Visitenkarte unserer Gastfreundlichkeit darstellt. Unser Hotel bietet unseren G\u00e4sten einen praktischen Parkplatz direkt gegen\u00fcber unseres Hauses, einen Spielplatz f\u00fcr die Kleinen und eine Bar mit Sommerterasse um die Ruhe des Ortes genie\u00dfen zu k\u00f6nnen. Im Inneren Teil befindet sich au\u00dfer einem gro\u00dfen Speisesaal, in dem es m\u00f6glich ist in guter Gesellschaft leckere Speisen einzunehmen, auch neun Zimmer, die einfach aber gem\u00fctlich sind. Internetverbindung Wi-fi kostenlos. In der umgehenden N\u00e4he befindet sich ein \u00f6ffentliches Freibad, ein Reitzentrum und ein Tennis- und Fu\u00dfballplatz. F\u00fcr die Sportliebhaber dagegen gibt es Spazierwege, in Mountainbike, Golf und Wassersport auf dem See, die zu den normalen Angeboten der Region geh\u00f6ren. F\u00fcr die Freunde der Abwechslung und Relax gibt es die M\u00f6glichkeit sich in den Wellnesscentern der Region verw\u00f6hnen zu lassen, sowie Shopping in den zahlreichen Einkaufszentren, Direktverk\u00e4ufe und Outlets, die man nicht vers\u00e4umen sollte und die sich nur wenige Kilometer von hier befinden. Schenken Sie sich also einen Aufenthalt in der Ruhe des zauberhaften Ortasees, der nur wenige Schritte entfernt ist. Hier kann man ein atemberaubendes Panorama genie\u00dfen, bis zur Spitze des Mottarone laufen (1491 m. \u00fcber den Meeresspiegel), den Magen mit Essen st\u00e4rken oder einfach die au\u00dferordentlich gute Luft genie\u00dfen die hier nicht ungew\u00f6hnlich ist.<\/em><\/p>\n","protected":false},"excerpt":{"rendered":"<p>Treffpunkt zwischen Seen und Bergen, liegt das Hotel Restaurant La Genzianella genau im Herzen eines der zauberhaftesten Gebiete des Hohen Piemont &#8211; in einer famili\u00e4ren Umgebung die seit 40 Jahren die Visitenkarte unserer Gastfreundlichkeit darstellt. Unser Hotel bietet unseren G\u00e4sten einen praktischen Parkplatz direkt gegen\u00fcber unseres Hauses, einen Spielplatz f\u00fcr &hellip;<\/p>\n","protected":false},"author":1,"featured_media":390,"parent":0,"menu_order":0,"comment_status":"closed","ping_status":"closed","template":"","meta":{"footnotes":""},"class_list":["post-427","page","type-page","status-publish","has-post-thumbnail","hentry"],"_links":{"self":[{"href":"https:\/\/www.lagenzianellahotel.it\/de\/wp-json\/wp\/v2\/pages\/427","targetHints":{"allow":["GET"]}}],"collection":[{"href":"https:\/\/www.lagenzianellahotel.it\/de\/wp-json\/wp\/v2\/pages"}],"about":[{"href":"https:\/\/www.lagenzianellahotel.it\/de\/wp-json\/wp\/v2\/types\/page"}],"author":[{"embeddable":true,"href":"https:\/\/www.lagenzianellahotel.it\/de\/wp-json\/wp\/v2\/users\/1"}],"replies":[{"embeddable":true,"href":"https:\/\/www.lagenzianellahotel.it\/de\/wp-json\/wp\/v2\/comments?post=427"}],"version-history":[{"count":4,"href":"https:\/\/www.lagenzianellahotel.it\/de\/wp-json\/wp\/v2\/pages\/427\/revisions"}],"predecessor-version":[{"id":554,"href":"https:\/\/www.lagenzianellahotel.it\/de\/wp-json\/wp\/v2\/pages\/427\/revisions\/554"}],"wp:featuredmedia":[{"embeddable":true,"href":"https:\/\/www.lagenzianellahotel.it\/de\/wp-json\/wp\/v2\/media\/390"}],"wp:attachment":[{"href":"https:\/\/www.lagenzianellahotel.it\/de\/wp-json\/wp\/v2\/media?parent=427"}],"curies":[{"name":"wp","href":"https:\/\/api.w.org\/{rel}","templated":true}]}}