{"id":450,"date":"2017-07-24T18:03:12","date_gmt":"2017-07-24T16:03:12","guid":{"rendered":"http:\/\/www.lagenzianellahotel.it\/wp\/ristorante\/"},"modified":"2024-05-11T12:07:35","modified_gmt":"2024-05-11T10:07:35","slug":"ristorante","status":"publish","type":"page","link":"https:\/\/www.lagenzianellahotel.it\/de\/ristorante\/","title":{"rendered":"Restaurant"},"content":{"rendered":"<div>\n<h3 class=\"tw-data-text tw-ta tw-text-small\" dir=\"ltr\" style=\"text-align: center;\" data-placeholder=\"Traduzione\"><strong><span lang=\"en\" tabindex=\"0\">Restaurant t\u00e4glich zum Mittagessen ge\u00f6ffnet.<br \/>\n<\/span><\/strong><\/h3>\n<h3 class=\"tw-data-text tw-ta tw-text-small\" dir=\"ltr\" style=\"text-align: center;\" data-placeholder=\"Traduzione\"><strong><span lang=\"en\" tabindex=\"0\">Abendessen <\/span><\/strong><strong><span lang=\"en\" tabindex=\"0\">ge\u00f6ffnet <\/span><\/strong><strong><span lang=\"en\" tabindex=\"0\">von Donnerstag, bis Samstag<\/span><em><span lang=\"en\" tabindex=\"0\"><br \/>\n<\/span><\/em><\/strong><\/h3>\n<h3 style=\"text-align: center;\"><strong>von Montag bis Freitag Men\u00fc zum Festpreis <span lang=\"en\" tabindex=\"0\">zum Mittagessen<\/span><\/strong><\/h3>\n<p style=\"text-align: justify;\"><em>Il<span class=\"apple-converted-space\"> <strong>Das Restaurant La Genzianella bietet\u00a0 <\/strong><\/span><\/em>Seefisch, Wild, lokaler K\u00e4se und Pilze von unseren Bergen, sind nur einige der Produkte die die typischen Geschm\u00e4cker unserer traditionellen, lokalen und piemontesichen Spezialit\u00e4ten wiederspiegeln. In unserer Weinregion ist eine akkurate Auswahl an lokalen und internationalen Weinen unerl\u00e4sslich, die auf perfekte Weise jedes einzelne Gericht begleiten und somit eine unvergessliche Erfahrung darstellen. Der gem\u00fctliche Saal, der sehr ger\u00e4umig ist, in dem wir unseren Hotelg\u00e4sten dass Fr\u00fchst\u00fcck servieren, ist ideal f\u00fcr jede Veranstaltung, wie z. B. Banketts, Zeremonien, Arbeitsessen oder einfach ein ruhiges Abendessen unter Freunden. Kontrollieren Sie unsere Sparte \u201eNews\u201c um immer \u00fcber unsere Themenabende die mit Weinen zusammengestellt sind, informiert zu sein, und die wir zu einem Festpreis das ganze Jahr \u00fcber organisieren.<\/p>\n<div class=\"oSioSc\">\n<div id=\"tw-target\">\n<div id=\"tw-target-text-container\" class=\"gsrt tw-ta-container tw-nfl\">\n<h3 style=\"text-align: center;\"><\/h3>\n<\/div>\n<\/div>\n<\/div>\n<p style=\"text-align: center;\"><em><span class=\"apple-converted-space\"><strong>Kommen Sie uns doch besuchen, wir warten auf Sie!<\/strong><\/span><\/em><\/p>\n<\/div>\n<div class=\"su-button-center\"><a href=\"http:\/\/prenotazioni\" class=\"su-button su-button-style-soft\" style=\"color:#000;background-color:#eee;border-color:#bfbfbf;border-radius:9px\" target=\"_self\"><span style=\"color:#000;padding:0px 24px;font-size:18px;line-height:36px;border-color:#f4f4f4;border-radius:9px;text-shadow:none\"> Reservierungen<\/span><\/a><\/div>\n<p><span style=\"color: #ffffff;\">.<\/span><\/p>\n<div id=\"metaslider-id-992\" style=\"max-width: 1200px; margin: 0 auto;\" class=\"ml-slider-3-106-0 metaslider metaslider-flex metaslider-992 ml-slider has-dots-nav ms-theme-default\" role=\"region\" aria-label=\"Ristorante\" data-height=\"600\" data-width=\"1200\">\n    <div id=\"metaslider_container_992\">\n        <div id=\"metaslider_992\">\n            <ul class='slides'>\n                <li style=\"display: block; width: 100%;\" class=\"slide-2271 ms-image \" aria-roledescription=\"slide\" data-date=\"2020-10-21 09:21:27\" data-filename=\"sala_ristorante3-scaled-1200x600.jpg\" data-slide-type=\"image\"><img loading=\"lazy\" decoding=\"async\" src=\"https:\/\/www.lagenzianellahotel.it\/wp-content\/uploads\/2020\/10\/sala_ristorante3-scaled-1200x600.jpg\" height=\"600\" width=\"1200\" alt=\"sala_ristorante3\" class=\"slider-992 slide-2271 msDefaultImage\" title=\"sala_ristorante3\" \/><\/li>\n                <li style=\"display: none; width: 100%;\" class=\"slide-993 ms-image \" aria-roledescription=\"slide\" data-date=\"2018-06-14 12:38:44\" data-filename=\"IMG_2097-1200x600.jpg\" data-slide-type=\"image\"><img loading=\"lazy\" decoding=\"async\" src=\"https:\/\/www.lagenzianellahotel.it\/wp-content\/uploads\/2017\/10\/IMG_2097-1200x600.jpg\" height=\"600\" width=\"1200\" alt=\"dessert\" class=\"slider-992 slide-993 msDefaultImage\" title=\"dessert\" \/><\/li>\n                <li style=\"display: none; width: 100%;\" class=\"slide-2272 ms-image \" aria-roledescription=\"slide\" data-date=\"2020-10-21 09:21:27\" data-filename=\"sala_ristorante2-scaled-1200x600.jpg\" data-slide-type=\"image\"><img loading=\"lazy\" decoding=\"async\" src=\"https:\/\/www.lagenzianellahotel.it\/wp-content\/uploads\/2020\/10\/sala_ristorante2-scaled-1200x600.jpg\" height=\"600\" width=\"1200\" alt=\"sala_ristorante2\" class=\"slider-992 slide-2272 msDefaultImage\" title=\"sala_ristorante2\" \/><\/li>\n                <li style=\"display: none; width: 100%;\" class=\"slide-2273 ms-image \" aria-roledescription=\"slide\" data-date=\"2020-10-21 09:21:27\" data-filename=\"sala_ristorante-scaled-1200x600.jpg\" data-slide-type=\"image\"><img loading=\"lazy\" decoding=\"async\" src=\"https:\/\/www.lagenzianellahotel.it\/wp-content\/uploads\/2020\/10\/sala_ristorante-scaled-1200x600.jpg\" height=\"600\" width=\"1200\" alt=\"sala_ristorante\" class=\"slider-992 slide-2273 msDefaultImage\" title=\"sala_ristorante\" \/><\/li>\n                <li style=\"display: none; width: 100%;\" class=\"slide-994 ms-image \" aria-roledescription=\"slide\" data-date=\"2018-06-14 12:38:44\" data-filename=\"IMG_1829-2-1200x600.jpg\" data-slide-type=\"image\"><img loading=\"lazy\" decoding=\"async\" src=\"https:\/\/www.lagenzianellahotel.it\/wp-content\/uploads\/2017\/10\/IMG_1829-2-1200x600.jpg\" height=\"600\" width=\"1200\" alt=\"secondi\" class=\"slider-992 slide-994 msDefaultImage\" title=\"secondi\" \/><\/li>\n                <li style=\"display: none; width: 100%;\" class=\"slide-2277 ms-image \" aria-roledescription=\"slide\" data-date=\"2020-10-21 09:21:28\" data-filename=\"piatti_arredo-scaled-1200x600.jpg\" data-slide-type=\"image\"><img loading=\"lazy\" decoding=\"async\" src=\"https:\/\/www.lagenzianellahotel.it\/wp-content\/uploads\/2020\/10\/piatti_arredo-scaled-1200x600.jpg\" height=\"600\" width=\"1200\" alt=\"piatti_arredo\" class=\"slider-992 slide-2277 msDefaultImage\" title=\"piatti_arredo\" \/><\/li>\n                <li style=\"display: none; width: 100%;\" class=\"slide-995 ms-image \" aria-roledescription=\"slide\" data-date=\"2018-06-14 12:38:44\" data-filename=\"IMG_1743-1200x600.jpg\" data-slide-type=\"image\"><img loading=\"lazy\" decoding=\"async\" src=\"https:\/\/www.lagenzianellahotel.it\/wp-content\/uploads\/2017\/10\/IMG_1743-1200x600.jpg\" height=\"600\" width=\"1200\" alt=\"tagliere\" class=\"slider-992 slide-995 msDefaultImage\" title=\"tagliere\" \/><\/li>\n                <li style=\"display: none; width: 100%;\" class=\"slide-2280 ms-image \" aria-roledescription=\"slide\" data-date=\"2020-10-21 09:21:28\" data-filename=\"fiori-scaled-1200x600.jpg\" data-slide-type=\"image\"><img loading=\"lazy\" decoding=\"async\" src=\"https:\/\/www.lagenzianellahotel.it\/wp-content\/uploads\/2020\/10\/fiori-scaled-1200x600.jpg\" height=\"600\" width=\"1200\" alt=\"fiori\" class=\"slider-992 slide-2280 msDefaultImage\" title=\"fiori\" \/><\/li>\n                <li style=\"display: none; width: 100%;\" class=\"slide-2344 ms-image \" aria-roledescription=\"slide\" data-date=\"2020-11-09 18:49:23\" data-filename=\"20190425_155833-1058x529.jpg\" data-slide-type=\"image\"><img loading=\"lazy\" decoding=\"async\" src=\"https:\/\/www.lagenzianellahotel.it\/wp-content\/uploads\/2020\/11\/20190425_155833-1058x529.jpg\" height=\"600\" width=\"1200\" alt=\"Semifreddo\" class=\"slider-992 slide-2344 msDefaultImage\" title=\"20190425_155833\" \/><div class=\"caption-wrap\"><div class=\"caption\">Semifreddo<\/div><\/div><\/li>\n                <li style=\"display: none; width: 100%;\" class=\"slide-2274 ms-image \" aria-roledescription=\"slide\" data-date=\"2020-10-21 09:21:28\" data-filename=\"vini3-scaled-1200x600.jpg\" data-slide-type=\"image\"><img loading=\"lazy\" decoding=\"async\" src=\"https:\/\/www.lagenzianellahotel.it\/wp-content\/uploads\/2020\/10\/vini3-scaled-1200x600.jpg\" height=\"600\" width=\"1200\" alt=\"vini3\" class=\"slider-992 slide-2274 msDefaultImage\" title=\"vini3\" \/><\/li>\n                <li style=\"display: none; width: 100%;\" class=\"slide-2284 ms-image \" aria-roledescription=\"slide\" data-date=\"2020-10-21 09:21:28\" data-filename=\"dettaglio_tavolo-scaled-1200x600.jpg\" data-slide-type=\"image\"><img loading=\"lazy\" decoding=\"async\" src=\"https:\/\/www.lagenzianellahotel.it\/wp-content\/uploads\/2020\/10\/dettaglio_tavolo-scaled-1200x600.jpg\" height=\"600\" width=\"1200\" alt=\"dettaglio_tavolo\" class=\"slider-992 slide-2284 msDefaultImage\" title=\"dettaglio_tavolo\" \/><\/li>\n                <li style=\"display: none; width: 100%;\" class=\"slide-2349 ms-image \" aria-roledescription=\"slide\" data-date=\"2020-11-09 18:51:55\" data-filename=\"20180406_205821-scaled-1200x600.jpg\" data-slide-type=\"image\"><img loading=\"lazy\" decoding=\"async\" src=\"https:\/\/www.lagenzianellahotel.it\/wp-content\/uploads\/2020\/11\/20180406_205821-scaled-1200x600.jpg\" height=\"600\" width=\"1200\" alt=\"Tortelloni\" class=\"slider-992 slide-2349 msDefaultImage\" title=\"20180406_205821\" \/><div class=\"caption-wrap\"><div class=\"caption\">Tortelloni<\/div><\/div><\/li>\n                <li style=\"display: none; width: 100%;\" class=\"slide-2285 ms-image \" aria-roledescription=\"slide\" data-date=\"2020-10-21 09:21:28\" data-filename=\"dettaglio_lampade_bancale-scaled-1200x600.jpg\" data-slide-type=\"image\"><img loading=\"lazy\" decoding=\"async\" src=\"https:\/\/www.lagenzianellahotel.it\/wp-content\/uploads\/2020\/10\/dettaglio_lampade_bancale-scaled-1200x600.jpg\" height=\"600\" width=\"1200\" alt=\"dettaglio_lampade_bancale\" class=\"slider-992 slide-2285 msDefaultImage\" title=\"dettaglio_lampade_bancale\" \/><\/li>\n                <li style=\"display: none; width: 100%;\" class=\"slide-2286 ms-image \" aria-roledescription=\"slide\" data-date=\"2020-10-21 09:21:28\" data-filename=\"dettaglio_sedia-scaled-1200x600.jpg\" data-slide-type=\"image\"><img loading=\"lazy\" decoding=\"async\" src=\"https:\/\/www.lagenzianellahotel.it\/wp-content\/uploads\/2020\/10\/dettaglio_sedia-scaled-1200x600.jpg\" height=\"600\" width=\"1200\" alt=\"dettaglio_sedia\" class=\"slider-992 slide-2286 msDefaultImage\" title=\"dettaglio_sedia\" \/><\/li>\n                <li style=\"display: none; width: 100%;\" class=\"slide-2354 ms-image \" aria-roledescription=\"slide\" data-date=\"2020-11-09 18:57:47\" data-filename=\"20181123_204523-scaled-1200x600.jpg\" data-slide-type=\"image\"><img loading=\"lazy\" decoding=\"async\" src=\"https:\/\/www.lagenzianellahotel.it\/wp-content\/uploads\/2020\/11\/20181123_204523-scaled-1200x600.jpg\" height=\"600\" width=\"1200\" alt=\"Uovo\" class=\"slider-992 slide-2354 msDefaultImage\" title=\"20181123_204523\" \/><div class=\"caption-wrap\"><div class=\"caption\">Uovo<\/div><\/div><\/li>\n            <\/ul>\n        <\/div>\n        \n    <\/div>\n<\/div>\n","protected":false},"excerpt":{"rendered":"<p>Restaurant t\u00e4glich zum Mittagessen ge\u00f6ffnet. Abendessen ge\u00f6ffnet von Donnerstag, bis Samstag von Montag bis Freitag Men\u00fc zum Festpreis zum Mittagessen Il Das Restaurant La Genzianella bietet\u00a0 Seefisch, Wild, lokaler K\u00e4se und Pilze von unseren Bergen, sind nur einige der Produkte die die typischen Geschm\u00e4cker unserer traditionellen, lokalen und piemontesichen Spezialit\u00e4ten &hellip;<\/p>\n","protected":false},"author":1,"featured_media":2194,"parent":0,"menu_order":0,"comment_status":"closed","ping_status":"closed","template":"","meta":{"footnotes":""},"class_list":["post-450","page","type-page","status-publish","has-post-thumbnail","hentry"],"_links":{"self":[{"href":"https:\/\/www.lagenzianellahotel.it\/de\/wp-json\/wp\/v2\/pages\/450","targetHints":{"allow":["GET"]}}],"collection":[{"href":"https:\/\/www.lagenzianellahotel.it\/de\/wp-json\/wp\/v2\/pages"}],"about":[{"href":"https:\/\/www.lagenzianellahotel.it\/de\/wp-json\/wp\/v2\/types\/page"}],"author":[{"embeddable":true,"href":"https:\/\/www.lagenzianellahotel.it\/de\/wp-json\/wp\/v2\/users\/1"}],"replies":[{"embeddable":true,"href":"https:\/\/www.lagenzianellahotel.it\/de\/wp-json\/wp\/v2\/comments?post=450"}],"version-history":[{"count":17,"href":"https:\/\/www.lagenzianellahotel.it\/de\/wp-json\/wp\/v2\/pages\/450\/revisions"}],"predecessor-version":[{"id":3770,"href":"https:\/\/www.lagenzianellahotel.it\/de\/wp-json\/wp\/v2\/pages\/450\/revisions\/3770"}],"wp:featuredmedia":[{"embeddable":true,"href":"https:\/\/www.lagenzianellahotel.it\/de\/wp-json\/wp\/v2\/media\/2194"}],"wp:attachment":[{"href":"https:\/\/www.lagenzianellahotel.it\/de\/wp-json\/wp\/v2\/media?parent=450"}],"curies":[{"name":"wp","href":"https:\/\/api.w.org\/{rel}","templated":true}]}}