{"id":548,"date":"2017-07-24T18:01:54","date_gmt":"2017-07-24T16:01:54","guid":{"rendered":"http:\/\/www.lagenzianellahotel.it\/servizi\/"},"modified":"2017-11-20T15:01:10","modified_gmt":"2017-11-20T14:01:10","slug":"servizi","status":"publish","type":"page","link":"https:\/\/www.lagenzianellahotel.it\/fr\/servizi\/","title":{"rendered":"Qui sommes-nous"},"content":{"rendered":"<p><em>Situ\u00e9 entre lacs et montagnes, l\u2019H\u00f4tel Restaurant La Genzianella, <\/em><em>est lov\u00e9 au c\u0153ur d\u2019une des plus belles r\u00e9gions du Piemont. <\/em><em>L&rsquo;ambiance famili\u00e8re, qui dure depuis quarante ans <\/em><em>est notre carte de visite, vous accueillera. <\/em><em>L\u2019h\u00f4tel offre \u00e0 ses h\u00f4tes un parking juste devant le b\u00e2timent, <\/em><em>un parc de jeux pour les plus petits, <\/em><em>une terrasse ext\u00e9rieure pour profiter de la tranquillit\u00e9 <\/em><em>du lieu et de la connexion Wifi gratuite. <\/em><em>Dans les alentours il y a une piscine publique ouverte, <\/em><em>deux centres \u00e9questres, un tennis et un terrain de football, <\/em><em>un circuit motocross. Parcours \u00e0 pieds et en v.t.t. sont disponible <\/em><em>aussi avec accompagnateur. <\/em><em>Golf et sport nautique sur le lac font en outre part de l\u2019offre locale <\/em><em>pour les amateurs de sports. <\/em><em>Pour ceux qui pr\u00e9f\u00e8rent distractions et relax: <\/em><em>possibilit\u00e9s de traitements dans des centres sp\u00e9cialis\u00e9s, <\/em><em>du shopping de qualit\u00e9 et outlet \u00e0 quelques kilom\u00e8tres. <\/em><em>A l\u2019int\u00e9rieur vous trouverez une grande salle restaurant, o\u00f9 il est possible\u00a0 <\/em><em>de faire une pause agr\u00e9able pour un repas en compagnie.<\/em><\/p>\n<p style=\"text-align: justify;\" align=\"center\"><em>\u00a0<\/em><\/p>\n<p align=\"center\"><em>\u00a0<\/em><\/p>\n","protected":false},"excerpt":{"rendered":"<p>Situ\u00e9 entre lacs et montagnes, l\u2019H\u00f4tel Restaurant La Genzianella, est lov\u00e9 au c\u0153ur d\u2019une des plus belles r\u00e9gions du Piemont. L&rsquo;ambiance famili\u00e8re, qui dure depuis quarante ans est notre carte de visite, vous accueillera. L\u2019h\u00f4tel offre \u00e0 ses h\u00f4tes un parking juste devant le b\u00e2timent, un parc de jeux pour &hellip;<\/p>\n","protected":false},"author":1,"featured_media":390,"parent":0,"menu_order":0,"comment_status":"closed","ping_status":"closed","template":"","meta":{"footnotes":""},"class_list":["post-548","page","type-page","status-publish","has-post-thumbnail","hentry"],"_links":{"self":[{"href":"https:\/\/www.lagenzianellahotel.it\/fr\/wp-json\/wp\/v2\/pages\/548","targetHints":{"allow":["GET"]}}],"collection":[{"href":"https:\/\/www.lagenzianellahotel.it\/fr\/wp-json\/wp\/v2\/pages"}],"about":[{"href":"https:\/\/www.lagenzianellahotel.it\/fr\/wp-json\/wp\/v2\/types\/page"}],"author":[{"embeddable":true,"href":"https:\/\/www.lagenzianellahotel.it\/fr\/wp-json\/wp\/v2\/users\/1"}],"replies":[{"embeddable":true,"href":"https:\/\/www.lagenzianellahotel.it\/fr\/wp-json\/wp\/v2\/comments?post=548"}],"version-history":[{"count":3,"href":"https:\/\/www.lagenzianellahotel.it\/fr\/wp-json\/wp\/v2\/pages\/548\/revisions"}],"predecessor-version":[{"id":567,"href":"https:\/\/www.lagenzianellahotel.it\/fr\/wp-json\/wp\/v2\/pages\/548\/revisions\/567"}],"wp:featuredmedia":[{"embeddable":true,"href":"https:\/\/www.lagenzianellahotel.it\/fr\/wp-json\/wp\/v2\/media\/390"}],"wp:attachment":[{"href":"https:\/\/www.lagenzianellahotel.it\/fr\/wp-json\/wp\/v2\/media?parent=548"}],"curies":[{"name":"wp","href":"https:\/\/api.w.org\/{rel}","templated":true}]}}