{"id":552,"date":"2017-07-24T18:05:41","date_gmt":"2017-07-24T16:05:41","guid":{"rendered":"http:\/\/www.lagenzianellahotel.it\/prenotazioni\/"},"modified":"2020-11-09T16:09:55","modified_gmt":"2020-11-09T15:09:55","slug":"prenotazioni","status":"publish","type":"page","link":"https:\/\/www.lagenzianellahotel.it\/fr\/prenotazioni\/","title":{"rendered":"Re&rsquo;servation"},"content":{"rendered":"<div align=\"center\">\n\n<div class=\"wpcf7 no-js\" id=\"wpcf7-f660-o1\" lang=\"it-IT\" dir=\"ltr\" data-wpcf7-id=\"660\">\n<div class=\"screen-reader-response\"><p role=\"status\" aria-live=\"polite\" aria-atomic=\"true\"><\/p> <ul><\/ul><\/div>\n<form action=\"\/fr\/wp-json\/wp\/v2\/pages\/552#wpcf7-f660-o1\" method=\"post\" class=\"wpcf7-form init\" aria-label=\"Modulo di contatto\" novalidate=\"novalidate\" data-status=\"init\">\n<fieldset class=\"hidden-fields-container\"><input type=\"hidden\" name=\"_wpcf7\" value=\"660\" \/><input type=\"hidden\" name=\"_wpcf7_version\" value=\"6.1.5\" \/><input type=\"hidden\" name=\"_wpcf7_locale\" value=\"it_IT\" \/><input type=\"hidden\" name=\"_wpcf7_unit_tag\" value=\"wpcf7-f660-o1\" \/><input type=\"hidden\" name=\"_wpcf7_container_post\" value=\"0\" \/><input type=\"hidden\" name=\"_wpcf7_posted_data_hash\" value=\"\" \/><input type=\"hidden\" name=\"_wpcf7_recaptcha_response\" value=\"\" \/>\n<\/fieldset>\n<center>\n\t<p><em><strong>Pour plus d'informations et r\u00e9servations, remplissez le formulaire ci-dessous. Nous vous r\u00e9pondrons dans les plus brefs d\u00e9lais!<\/strong><\/em><br \/>\n&nbsp<br \/>\n&nbsp<br \/>\n&nbsp<br \/>\n<label><strong> Date d'arriv\u00e9e <\/strong><\/label><span class=\"wpcf7-form-control-wrap\" data-name=\"date-459\"><input class=\"wpcf7-form-control wpcf7-date wpcf7-validates-as-required wpcf7-validates-as-date\" aria-required=\"true\" aria-invalid=\"false\" value=\"\" type=\"date\" name=\"date-459\" \/><\/span><label><strong> Date de d\u00e9part <\/strong><\/label><span class=\"wpcf7-form-control-wrap\" data-name=\"date-368\"><input class=\"wpcf7-form-control wpcf7-date wpcf7-validates-as-required wpcf7-validates-as-date\" aria-required=\"true\" aria-invalid=\"false\" value=\"\" type=\"date\" name=\"date-368\" \/><\/span><br \/>\n&nbsp<br \/>\n&nbsp<br \/>\n&nbsp<br \/>\n&nbsp\n\t<\/p>\n\t<p><label><strong> Pr\u00e9nom<br \/>\n<span class=\"wpcf7-form-control-wrap\" data-name=\"your-name\"><input size=\"40\" maxlength=\"400\" class=\"wpcf7-form-control wpcf7-text wpcf7-validates-as-required\" aria-required=\"true\" aria-invalid=\"false\" value=\"\" type=\"text\" name=\"your-name\" \/><\/span> <\/strong><\/label>\n\t<\/p>\n\t<p><label><strong> E-mail<br \/>\n<span class=\"wpcf7-form-control-wrap\" data-name=\"your-email\"><input size=\"40\" maxlength=\"400\" class=\"wpcf7-form-control wpcf7-email wpcf7-validates-as-required wpcf7-text wpcf7-validates-as-email\" aria-required=\"true\" aria-invalid=\"false\" value=\"\" type=\"email\" name=\"your-email\" \/><\/span> <\/strong><\/label>\n\t<\/p>\n\t<p><label><strong> Restaurant ou Chambre<br \/>\n<span class=\"wpcf7-form-control-wrap\" data-name=\"menu-412\"><select class=\"wpcf7-form-control wpcf7-select wpcf7-validates-as-required\" aria-required=\"true\" aria-invalid=\"false\" name=\"menu-412\"><option value=\"Restaurant\">Restaurant<\/option><option value=\"Chambre\">Chambre<\/option><\/select><\/span> <\/strong><\/label>\n\t<\/p>\n\t<p><label><strong> Object<br \/>\n<span class=\"wpcf7-form-control-wrap\" data-name=\"your-subject\"><input size=\"40\" maxlength=\"400\" class=\"wpcf7-form-control wpcf7-text wpcf7-validates-as-required\" aria-required=\"true\" aria-invalid=\"false\" value=\"\" type=\"text\" name=\"your-subject\" \/><\/span> <\/strong><\/label>\n\t<\/p>\n\t<p><label><strong> Votre message<br \/>\n<span class=\"wpcf7-form-control-wrap\" data-name=\"your-message\"><textarea cols=\"40\" rows=\"10\" maxlength=\"2000\" class=\"wpcf7-form-control wpcf7-textarea wpcf7-validates-as-required\" aria-required=\"true\" aria-invalid=\"false\" name=\"your-message\"><\/textarea><\/span> <\/strong><\/label>\n\t<\/p>\n\t<p><input class=\"wpcf7-form-control wpcf7-submit has-spinner\" type=\"submit\" value=\"Requis\" \/>\n\t<\/p>\n<\/center><div class=\"wpcf7-response-output\" aria-hidden=\"true\"><\/div>\n<\/form>\n<\/div>\n\n<\/div>\n","protected":false},"excerpt":{"rendered":"","protected":false},"author":1,"featured_media":2161,"parent":0,"menu_order":0,"comment_status":"closed","ping_status":"closed","template":"","meta":{"footnotes":""},"class_list":["post-552","page","type-page","status-publish","has-post-thumbnail","hentry"],"_links":{"self":[{"href":"https:\/\/www.lagenzianellahotel.it\/fr\/wp-json\/wp\/v2\/pages\/552","targetHints":{"allow":["GET"]}}],"collection":[{"href":"https:\/\/www.lagenzianellahotel.it\/fr\/wp-json\/wp\/v2\/pages"}],"about":[{"href":"https:\/\/www.lagenzianellahotel.it\/fr\/wp-json\/wp\/v2\/types\/page"}],"author":[{"embeddable":true,"href":"https:\/\/www.lagenzianellahotel.it\/fr\/wp-json\/wp\/v2\/users\/1"}],"replies":[{"embeddable":true,"href":"https:\/\/www.lagenzianellahotel.it\/fr\/wp-json\/wp\/v2\/comments?post=552"}],"version-history":[{"count":9,"href":"https:\/\/www.lagenzianellahotel.it\/fr\/wp-json\/wp\/v2\/pages\/552\/revisions"}],"predecessor-version":[{"id":1484,"href":"https:\/\/www.lagenzianellahotel.it\/fr\/wp-json\/wp\/v2\/pages\/552\/revisions\/1484"}],"wp:featuredmedia":[{"embeddable":true,"href":"https:\/\/www.lagenzianellahotel.it\/fr\/wp-json\/wp\/v2\/media\/2161"}],"wp:attachment":[{"href":"https:\/\/www.lagenzianellahotel.it\/fr\/wp-json\/wp\/v2\/media?parent=552"}],"curies":[{"name":"wp","href":"https:\/\/api.w.org\/{rel}","templated":true}]}}