{"id":553,"date":"2017-07-24T18:03:12","date_gmt":"2017-07-24T16:03:12","guid":{"rendered":"http:\/\/www.lagenzianellahotel.it\/ristorante\/"},"modified":"2024-05-11T12:05:31","modified_gmt":"2024-05-11T10:05:31","slug":"ristorante","status":"publish","type":"page","link":"https:\/\/www.lagenzianellahotel.it\/fr\/ristorante\/","title":{"rendered":"Restaurant"},"content":{"rendered":"<div>\n<h2 style=\"text-align: center;\"><strong>Le restaurant est ouvert tous les jours pour le d\u00e9jeuner.<br \/>\nLe d<\/strong><strong>\u00ee<\/strong><strong>ner ouvert le jeudi, le vendredi et le samedi.<\/strong><\/h2>\n<h2 style=\"text-align: center;\"><strong>A partir de lund\u00ec jusqu&rsquo;au vendred\u00ec \u00e0 midi menu \u00e0 prix fix\u00e9.<\/strong><\/h2>\n<p><em>Le <strong>Restaurant La Genzianella<\/strong> propose une cuisine simple et gouteuse, rencontre entre nature et tradition gr\u00e2ce \u00e0 une s\u00e9lection des meilleures mati\u00e8res premier\u00e8s locales et de saison. Charcuterie et fromages locaux, poissons du lac, gibier, champignons de nos montagnes et les dessert tous faits chez nous ne sont que quelques-unes des d\u00e9licatesses reflet des saveurs typiques de la tradition culinaire r\u00e9gionale.<\/em><\/p>\n<p><em>Immanquables puis, dans ces terroirs \u00e0 vins, une s\u00e9lection soign\u00e9e des vins locaux et nationaux capable d&rsquo;accompagner tous les plats, vous donnant une exp\u00e9rience unique.Dans le grand salon, id\u00e9al pour une tranquille diner entre amis, le matin on sert les petits-d\u00e9jeuners, mais asussi on peut organiser c\u00e9r\u00e9monies ou repas d\u2019affaires. <\/em><\/p>\n<h6 style=\"text-align: center;\"><strong style=\"font-size: 2.678em;\">Plus d&rsquo;information \u00e9crivez par whatsapp au <\/strong><strong style=\"font-size: 2.678em;\">+39 351 6024509<\/strong><\/h6>\n<p style=\"text-align: center;\"><em><span class=\"apple-converted-space\"><strong>Nous vous attendons chez nous !<\/strong><\/span><\/em><\/p>\n<\/div>\n<div class=\"su-button-center\"><a href=\"http:\/\/prenotazioni\" class=\"su-button su-button-style-soft\" style=\"color:#000;background-color:#eee;border-color:#bfbfbf;border-radius:9px\" target=\"_self\"><span style=\"color:#000;padding:0px 24px;font-size:18px;line-height:36px;border-color:#f4f4f4;border-radius:9px;text-shadow:none\"> re&rsquo;servation<\/span><\/a><\/div>\n<p><span style=\"color: #ffffff;\">.<\/span><\/p>\n<div id=\"metaslider-id-992\" style=\"max-width: 1200px; margin: 0 auto;\" class=\"ml-slider-3-108-0 metaslider metaslider-flex metaslider-992 ml-slider has-dots-nav ms-theme-default\" role=\"region\" aria-label=\"Ristorante\" data-height=\"600\" data-width=\"1200\">\n    <div id=\"metaslider_container_992\">\n        <div id=\"metaslider_992\">\n            <ul class='slides'>\n                <li style=\"display: block; width: 100%;\" class=\"slide-2271 ms-image \" aria-roledescription=\"slide\" data-date=\"2020-10-21 09:21:27\" data-filename=\"sala_ristorante3-scaled-1200x600.jpg\" data-slide-type=\"image\"><img loading=\"lazy\" decoding=\"async\" src=\"https:\/\/www.lagenzianellahotel.it\/wp-content\/uploads\/2020\/10\/sala_ristorante3-scaled-1200x600.jpg\" height=\"600\" width=\"1200\" alt=\"sala_ristorante3\" class=\"slider-992 slide-2271 msDefaultImage\" title=\"sala_ristorante3\" \/><\/li>\n                <li style=\"display: none; width: 100%;\" class=\"slide-993 ms-image \" aria-roledescription=\"slide\" data-date=\"2018-06-14 12:38:44\" data-filename=\"IMG_2097-1200x600.jpg\" data-slide-type=\"image\"><img loading=\"lazy\" decoding=\"async\" src=\"https:\/\/www.lagenzianellahotel.it\/wp-content\/uploads\/2017\/10\/IMG_2097-1200x600.jpg\" height=\"600\" width=\"1200\" alt=\"dessert\" class=\"slider-992 slide-993 msDefaultImage\" title=\"dessert\" \/><\/li>\n                <li style=\"display: none; width: 100%;\" class=\"slide-2272 ms-image \" aria-roledescription=\"slide\" data-date=\"2020-10-21 09:21:27\" data-filename=\"sala_ristorante2-scaled-1200x600.jpg\" data-slide-type=\"image\"><img loading=\"lazy\" decoding=\"async\" src=\"https:\/\/www.lagenzianellahotel.it\/wp-content\/uploads\/2020\/10\/sala_ristorante2-scaled-1200x600.jpg\" height=\"600\" width=\"1200\" alt=\"sala_ristorante2\" class=\"slider-992 slide-2272 msDefaultImage\" title=\"sala_ristorante2\" \/><\/li>\n                <li style=\"display: none; width: 100%;\" class=\"slide-2273 ms-image \" aria-roledescription=\"slide\" data-date=\"2020-10-21 09:21:27\" data-filename=\"sala_ristorante-scaled-1200x600.jpg\" data-slide-type=\"image\"><img loading=\"lazy\" decoding=\"async\" src=\"https:\/\/www.lagenzianellahotel.it\/wp-content\/uploads\/2020\/10\/sala_ristorante-scaled-1200x600.jpg\" height=\"600\" width=\"1200\" alt=\"sala_ristorante\" class=\"slider-992 slide-2273 msDefaultImage\" title=\"sala_ristorante\" \/><\/li>\n                <li style=\"display: none; width: 100%;\" class=\"slide-994 ms-image \" aria-roledescription=\"slide\" data-date=\"2018-06-14 12:38:44\" data-filename=\"IMG_1829-2-1200x600.jpg\" data-slide-type=\"image\"><img loading=\"lazy\" decoding=\"async\" src=\"https:\/\/www.lagenzianellahotel.it\/wp-content\/uploads\/2017\/10\/IMG_1829-2-1200x600.jpg\" height=\"600\" width=\"1200\" alt=\"secondi\" class=\"slider-992 slide-994 msDefaultImage\" title=\"secondi\" \/><\/li>\n                <li style=\"display: none; width: 100%;\" class=\"slide-2277 ms-image \" aria-roledescription=\"slide\" data-date=\"2020-10-21 09:21:28\" data-filename=\"piatti_arredo-scaled-1200x600.jpg\" data-slide-type=\"image\"><img loading=\"lazy\" decoding=\"async\" src=\"https:\/\/www.lagenzianellahotel.it\/wp-content\/uploads\/2020\/10\/piatti_arredo-scaled-1200x600.jpg\" height=\"600\" width=\"1200\" alt=\"piatti_arredo\" class=\"slider-992 slide-2277 msDefaultImage\" title=\"piatti_arredo\" \/><\/li>\n                <li style=\"display: none; width: 100%;\" class=\"slide-995 ms-image \" aria-roledescription=\"slide\" data-date=\"2018-06-14 12:38:44\" data-filename=\"IMG_1743-1200x600.jpg\" data-slide-type=\"image\"><img loading=\"lazy\" decoding=\"async\" src=\"https:\/\/www.lagenzianellahotel.it\/wp-content\/uploads\/2017\/10\/IMG_1743-1200x600.jpg\" height=\"600\" width=\"1200\" alt=\"tagliere\" class=\"slider-992 slide-995 msDefaultImage\" title=\"tagliere\" \/><\/li>\n                <li style=\"display: none; width: 100%;\" class=\"slide-2280 ms-image \" aria-roledescription=\"slide\" data-date=\"2020-10-21 09:21:28\" data-filename=\"fiori-scaled-1200x600.jpg\" data-slide-type=\"image\"><img loading=\"lazy\" decoding=\"async\" src=\"https:\/\/www.lagenzianellahotel.it\/wp-content\/uploads\/2020\/10\/fiori-scaled-1200x600.jpg\" height=\"600\" width=\"1200\" alt=\"fiori\" class=\"slider-992 slide-2280 msDefaultImage\" title=\"fiori\" \/><\/li>\n                <li style=\"display: none; width: 100%;\" class=\"slide-2344 ms-image \" aria-roledescription=\"slide\" data-date=\"2020-11-09 18:49:23\" data-filename=\"20190425_155833-1058x529.jpg\" data-slide-type=\"image\"><img loading=\"lazy\" decoding=\"async\" src=\"https:\/\/www.lagenzianellahotel.it\/wp-content\/uploads\/2020\/11\/20190425_155833-1058x529.jpg\" height=\"600\" width=\"1200\" alt=\"Semifreddo\" class=\"slider-992 slide-2344 msDefaultImage\" title=\"20190425_155833\" \/><div class=\"caption-wrap\"><div class=\"caption\">Semifreddo<\/div><\/div><\/li>\n                <li style=\"display: none; width: 100%;\" class=\"slide-2274 ms-image \" aria-roledescription=\"slide\" data-date=\"2020-10-21 09:21:28\" data-filename=\"vini3-scaled-1200x600.jpg\" data-slide-type=\"image\"><img loading=\"lazy\" decoding=\"async\" src=\"https:\/\/www.lagenzianellahotel.it\/wp-content\/uploads\/2020\/10\/vini3-scaled-1200x600.jpg\" height=\"600\" width=\"1200\" alt=\"vini3\" class=\"slider-992 slide-2274 msDefaultImage\" title=\"vini3\" \/><\/li>\n                <li style=\"display: none; width: 100%;\" class=\"slide-2284 ms-image \" aria-roledescription=\"slide\" data-date=\"2020-10-21 09:21:28\" data-filename=\"dettaglio_tavolo-scaled-1200x600.jpg\" data-slide-type=\"image\"><img loading=\"lazy\" decoding=\"async\" src=\"https:\/\/www.lagenzianellahotel.it\/wp-content\/uploads\/2020\/10\/dettaglio_tavolo-scaled-1200x600.jpg\" height=\"600\" width=\"1200\" alt=\"dettaglio_tavolo\" class=\"slider-992 slide-2284 msDefaultImage\" title=\"dettaglio_tavolo\" \/><\/li>\n                <li style=\"display: none; width: 100%;\" class=\"slide-2349 ms-image \" aria-roledescription=\"slide\" data-date=\"2020-11-09 18:51:55\" data-filename=\"20180406_205821-scaled-1200x600.jpg\" data-slide-type=\"image\"><img loading=\"lazy\" decoding=\"async\" src=\"https:\/\/www.lagenzianellahotel.it\/wp-content\/uploads\/2020\/11\/20180406_205821-scaled-1200x600.jpg\" height=\"600\" width=\"1200\" alt=\"Tortelloni\" class=\"slider-992 slide-2349 msDefaultImage\" title=\"20180406_205821\" \/><div class=\"caption-wrap\"><div class=\"caption\">Tortelloni<\/div><\/div><\/li>\n                <li style=\"display: none; width: 100%;\" class=\"slide-2285 ms-image \" aria-roledescription=\"slide\" data-date=\"2020-10-21 09:21:28\" data-filename=\"dettaglio_lampade_bancale-scaled-1200x600.jpg\" data-slide-type=\"image\"><img loading=\"lazy\" decoding=\"async\" src=\"https:\/\/www.lagenzianellahotel.it\/wp-content\/uploads\/2020\/10\/dettaglio_lampade_bancale-scaled-1200x600.jpg\" height=\"600\" width=\"1200\" alt=\"dettaglio_lampade_bancale\" class=\"slider-992 slide-2285 msDefaultImage\" title=\"dettaglio_lampade_bancale\" \/><\/li>\n                <li style=\"display: none; width: 100%;\" class=\"slide-2286 ms-image \" aria-roledescription=\"slide\" data-date=\"2020-10-21 09:21:28\" data-filename=\"dettaglio_sedia-scaled-1200x600.jpg\" data-slide-type=\"image\"><img loading=\"lazy\" decoding=\"async\" src=\"https:\/\/www.lagenzianellahotel.it\/wp-content\/uploads\/2020\/10\/dettaglio_sedia-scaled-1200x600.jpg\" height=\"600\" width=\"1200\" alt=\"dettaglio_sedia\" class=\"slider-992 slide-2286 msDefaultImage\" title=\"dettaglio_sedia\" \/><\/li>\n                <li style=\"display: none; width: 100%;\" class=\"slide-2354 ms-image \" aria-roledescription=\"slide\" data-date=\"2020-11-09 18:57:47\" data-filename=\"20181123_204523-scaled-1200x600.jpg\" data-slide-type=\"image\"><img loading=\"lazy\" decoding=\"async\" src=\"https:\/\/www.lagenzianellahotel.it\/wp-content\/uploads\/2020\/11\/20181123_204523-scaled-1200x600.jpg\" height=\"600\" width=\"1200\" alt=\"Uovo\" class=\"slider-992 slide-2354 msDefaultImage\" title=\"20181123_204523\" \/><div class=\"caption-wrap\"><div class=\"caption\">Uovo<\/div><\/div><\/li>\n            <\/ul>\n        <\/div>\n        \n    <\/div>\n<\/div>\n","protected":false},"excerpt":{"rendered":"<p>Le restaurant est ouvert tous les jours pour le d\u00e9jeuner. Le d\u00eener ouvert le jeudi, le vendredi et le samedi. A partir de lund\u00ec jusqu&rsquo;au vendred\u00ec \u00e0 midi menu \u00e0 prix fix\u00e9. Le Restaurant La Genzianella propose une cuisine simple et gouteuse, rencontre entre nature et tradition gr\u00e2ce \u00e0 une &hellip;<\/p>\n","protected":false},"author":1,"featured_media":2193,"parent":0,"menu_order":0,"comment_status":"closed","ping_status":"closed","template":"","meta":{"footnotes":""},"class_list":["post-553","page","type-page","status-publish","has-post-thumbnail","hentry"],"_links":{"self":[{"href":"https:\/\/www.lagenzianellahotel.it\/fr\/wp-json\/wp\/v2\/pages\/553","targetHints":{"allow":["GET"]}}],"collection":[{"href":"https:\/\/www.lagenzianellahotel.it\/fr\/wp-json\/wp\/v2\/pages"}],"about":[{"href":"https:\/\/www.lagenzianellahotel.it\/fr\/wp-json\/wp\/v2\/types\/page"}],"author":[{"embeddable":true,"href":"https:\/\/www.lagenzianellahotel.it\/fr\/wp-json\/wp\/v2\/users\/1"}],"replies":[{"embeddable":true,"href":"https:\/\/www.lagenzianellahotel.it\/fr\/wp-json\/wp\/v2\/comments?post=553"}],"version-history":[{"count":11,"href":"https:\/\/www.lagenzianellahotel.it\/fr\/wp-json\/wp\/v2\/pages\/553\/revisions"}],"predecessor-version":[{"id":3769,"href":"https:\/\/www.lagenzianellahotel.it\/fr\/wp-json\/wp\/v2\/pages\/553\/revisions\/3769"}],"wp:featuredmedia":[{"embeddable":true,"href":"https:\/\/www.lagenzianellahotel.it\/fr\/wp-json\/wp\/v2\/media\/2193"}],"wp:attachment":[{"href":"https:\/\/www.lagenzianellahotel.it\/fr\/wp-json\/wp\/v2\/media?parent=553"}],"curies":[{"name":"wp","href":"https:\/\/api.w.org\/{rel}","templated":true}]}}